{"id":45,"date":"2020-06-02T16:17:32","date_gmt":"2020-06-02T16:17:32","guid":{"rendered":"http:\/\/haase.network\/?page_id=45"},"modified":"2020-06-09T07:13:33","modified_gmt":"2020-06-09T07:13:33","slug":"michi","status":"publish","type":"page","link":"https:\/\/haase.network\/?page_id=45","title":{"rendered":"Michi"},"content":{"rendered":"\n<p>Da ist er nun online, mein Blog &#8222;Michis Einblick&#8220;. Bis hierhin war es nicht so schwer, aber ob er eine relevante Anzahl von Lesern erreichen kann, wird sich erst zeigen m\u00fcssen. Nur &#8222;Versuch macht kluch&#8220; \ud83d\ude09<\/p>\n\n\n\n<p>Der Titel nimmt nat\u00fcrlich nicht zuf\u00e4llig Bezug zu <a href=\"http:\/\/tichyseinblick.de\">Tichys Einblick<\/a>. Das ist nicht als Hommage oder Anerkennung f\u00fcr das reaktion\u00e4r  rechtslastige Internetmagazin gedacht, sondern eher als Gegenentwurf und Kampfansage. Und meine Zielgruppe ist nat\u00fcrlich eine ganz andere.<\/p>\n\n\n\n<p>Das Verst\u00e4ndnis f\u00fcr Wirtschaft und Politik, das ich vermitteln m\u00f6chte, soll den normalen arbeitenden Menschen ohne Aktienpakete helfen zu unterscheiden, welche politischen Entscheidungen ihren Interessen dienen und welche nicht. Dabei drehen sich die wirklich wichtigen Fragen meist um Arbeit und Produktion, um wirtschaftliche Entscheidungsmacht, um Geld und dessen Verteilung. Es ist die Wirtschaft um die sich die Politik im Kern dreht und deshalb will ich versuchen gerade die Wirtschaftspolitik f\u00fcr Hilde Hinz und Karl Kunz etwas durchschaubarer zu machen und die gerade in diesem Bereich weit verbreiteten Fake-News und Falschinformationen zu entlarven. Ich m\u00f6chte wissenschaftlich fundiertes Wissen \u00fcber volkswirtschaftliche und wirtschaftspolitische Zusammenh\u00e4nge in allgemein verst\u00e4ndlicher Form vermitteln. Dabei hilft mir sicher, dass ich vor langer Zeit mal Sozialwissenschaften und Jura studiert habe und 35 Jahre lang als Lehrer und Schulleiter an einer berufsbildenden Fachschule t\u00e4tig war. Autodidaktisch erworben, aber kaum weniger fundiert sind meine Kenntnisse in der der Informationstechnologie. Hier betreue ich ein Multi-Server-Netzwerk mit gemischten Betriebssystemen und rund 200 Clients in einem erfolgreichen mittelst\u00e4ndischen Unternehmen. Seit ich nur noch in Teilzeit berufst\u00e4tig bin, habe ich mich intensiver mit Fragestellungen der Volkswirtschaftslehre und der Geldpolitik besch\u00e4ftigt und leiste es mir nun, etwas Arbeit in  den Aufbau dieses Blogs zu investieren.<\/p>\n\n\n\n<p>Ich werde daf\u00fcr von niemandem bezahlt, sondern tue das ganz im eigenen Interesse. Denn es n\u00fctzt mir \u00fcberhaupt nichts, wenn ich selbst heraus gefunden habe, welche wirtschaftspolitischen Ma\u00dfnahmen f\u00fcr uns arbeitende Menschen gut sind, die Mehrheit der W\u00e4hler aber von der Propaganda der kapitalkr\u00e4ftigen Meinungsmacher so hinters Licht gef\u00fchrt wird, dass sie immer wieder Politiker w\u00e4hlen, die &#8222;bl\u00fchende Landschaften&#8220; versprechen, aber Arbeitslosigkeit liefern und die Reichen noch reicher machen.<\/p>\n\n\n\n<p>Irgendwie wei\u00df ich nat\u00fcrlich, dass es kaum m\u00f6glich ist, gegen die Tichys und Springers und auch die &#8222;staatstragenden Leitmedien&#8220; anzustinken, aber ich will, ich muss es versuchen. Und wer wei\u00df, wenn ihr alle, die ihr mich gefunden habt und mit mir \u00fcberein stimmt,  mitmacht und in eurem Umfeld, in den sozialen Netzwerken oder wo auch immer auf michiseinblick.de aufmerksam macht, vielleicht &#8230;<\/p>\n\n\n\n<p>Zum Schluss noch:<br>Dies ist erst mal ein ein-Mann-Projekt. Das kann man aber \u00e4ndern.<\/p>\n","protected":false},"excerpt":{"rendered":"<p>Da ist er nun online, mein Blog &#8222;Michis Einblick&#8220;. Bis hierhin war es nicht so schwer, aber ob er eine relevante Anzahl von Lesern erreichen kann, wird sich erst zeigen m\u00fcssen. Nur &#8222;Versuch macht kluch&#8220; \ud83d\ude09 Der Titel nimmt nat\u00fcrlich nicht zuf\u00e4llig Bezug zu Tichys Einblick. Das ist nicht als Hommage oder Anerkennung f\u00fcr das &hellip; <a href=\"https:\/\/haase.network\/?page_id=45\" class=\"more-link\"><span class=\"screen-reader-text\">&#8222;Michi&#8220; <\/span>weiterlesen<\/a><\/p>\n","protected":false},"author":1,"featured_media":18,"parent":0,"menu_order":0,"comment_status":"closed","ping_status":"closed","template":"","meta":{"footnotes":""},"_links":{"self":[{"href":"https:\/\/haase.network\/index.php?rest_route=\/wp\/v2\/pages\/45"}],"collection":[{"href":"https:\/\/haase.network\/index.php?rest_route=\/wp\/v2\/pages"}],"about":[{"href":"https:\/\/haase.network\/index.php?rest_route=\/wp\/v2\/types\/page"}],"author":[{"embeddable":true,"href":"https:\/\/haase.network\/index.php?rest_route=\/wp\/v2\/users\/1"}],"replies":[{"embeddable":true,"href":"https:\/\/haase.network\/index.php?rest_route=%2Fwp%2Fv2%2Fcomments&post=45"}],"version-history":[{"count":10,"href":"https:\/\/haase.network\/index.php?rest_route=\/wp\/v2\/pages\/45\/revisions"}],"predecessor-version":[{"id":160,"href":"https:\/\/haase.network\/index.php?rest_route=\/wp\/v2\/pages\/45\/revisions\/160"}],"wp:featuredmedia":[{"embeddable":true,"href":"https:\/\/haase.network\/index.php?rest_route=\/wp\/v2\/media\/18"}],"wp:attachment":[{"href":"https:\/\/haase.network\/index.php?rest_route=%2Fwp%2Fv2%2Fmedia&parent=45"}],"curies":[{"name":"wp","href":"https:\/\/api.w.org\/{rel}","templated":true}]}}