{"id":145,"date":"2020-06-08T14:26:36","date_gmt":"2020-06-08T14:26:36","guid":{"rendered":"http:\/\/haase.network\/?page_id=145"},"modified":"2020-06-08T14:36:09","modified_gmt":"2020-06-08T14:36:09","slug":"editorial","status":"publish","type":"page","link":"https:\/\/haase.network\/?page_id=145","title":{"rendered":"Editorial"},"content":{"rendered":"\n<p>So schwer ist Wirtschaftspolitik gar nicht zu verstehen. Die wichtigen volkswirtschaftlichen Zusammenh\u00e4nge und Gesetzm\u00e4\u00dfigkeiten lassen sich eigentlich recht \u00fcbersichtlich und f\u00fcr die meisten Menschen nachvollziehbar darstellen. Das will ich mit diesem Blog versuchen.<\/p>\n\n\n\n<p>Wirtschaftspolitik dreht sich nat\u00fcrlich ums Geld. Es geht dabei um viiieeel Geld. Da kann man sich leicht vorstellen, dass Einige sich w\u00fcnschen, dass die meisten Menschen gar nicht so recht verstehen, was wirtschaftspolitisch vor sich geht. Denn nur wenn man die wirklichen Zusammenh\u00e4nge ausreichend vernebelt, kann man Ma\u00dfnahmen, die die Reichen noch reicher machen, als gut f\u00fcr alle verkaufen. <\/p>\n\n\n\n<p>In den letzten Jahrzehnten ist dies den Propagandisten der Gro\u00dfindustrie besonders gut gelungen. Das M\u00e4rchen &#8222;Die Gewinne von heute sind die Arbeitspl\u00e4tze von morgen&#8220; war so eine besonders gelungene Erz\u00e4hlung, die bis weit in die Gewerkschaften hinein gewirkt hat. Um die einfache Wahrheit zu vernebeln, dass ein Unternehmer, auch wenn er noch so viel Geld auf dem Konto hat, nur dann in neue Arbeitspl\u00e4tze investiert, wenn er auch eine gesteigerte Nachfrage wittert, brauchte es schon erheblicher theoretischer Verrenkungen, die dann mit Recht nur noch Eingeweihte und\/oder Gl\u00e4ubige nachvollziehen k\u00f6nnen. Notfalls werden fehlende Argumente durch teures und penetrantes Marketing ersetzt.<\/p>\n\n\n\n<p>Wer nachweisen will, dass steigende Gewinne und die damit steigende gesellschaftliche Ungleichheit letztlich allen nutzt, kann dies nur mit Theorien tun, die niemand wirklich verstehen kann. So ist nicht verwunderlich, dass sich die von den Unternehmen gesponserte Wirtschaftswissenschaft immer mehr wie eine Religionsgemeinschaft verh\u00e4lt, die durch keine Realit\u00e4t von ihren Glaubenss\u00e4tzen abgebracht werden kann.<\/p>\n\n\n\n<p>Erfreulicherweise gibt es aber abseits der gro\u00dfen Geldes auch noch die andere Wirtschaftswissenschaft, die uns zeigt, wie Arbeitslosigkeit abgebaut werden kann, die uns erkl\u00e4rt, warum stetiges Wirtschaftswachtum nur mit steigenden L\u00f6hnen und einer tendentiell fallenden Profitrate zu erreichen ist, und wie man mit Verm\u00f6gensbesteuerung und einer Sozialerbschaft die Chancengleichheit verbessern kann. Dieser Blog will helfen, diese gemeinwohlorientierte Wirtschaftswissenschaft zu verstehen und (wieder) breiter bekannt zu machen, auch in den Gewerkschaften und in den Parteien.<\/p>\n\n\n\n<p><a href=\"http:\/\/haase.network\/?page_id=45\">Michi<\/a><\/p>\n","protected":false},"excerpt":{"rendered":"<p>So schwer ist Wirtschaftspolitik gar nicht zu verstehen. Die wichtigen volkswirtschaftlichen Zusammenh\u00e4nge und Gesetzm\u00e4\u00dfigkeiten lassen sich eigentlich recht \u00fcbersichtlich und f\u00fcr die meisten Menschen nachvollziehbar darstellen. Das will ich mit diesem Blog versuchen. Wirtschaftspolitik dreht sich nat\u00fcrlich ums Geld. Es geht dabei um viiieeel Geld. Da kann man sich leicht vorstellen, dass Einige sich w\u00fcnschen, &hellip; <a href=\"https:\/\/haase.network\/?page_id=145\" class=\"more-link\"><span class=\"screen-reader-text\">&#8222;Editorial&#8220; <\/span>weiterlesen<\/a><\/p>\n","protected":false},"author":1,"featured_media":0,"parent":0,"menu_order":0,"comment_status":"closed","ping_status":"closed","template":"","meta":{"footnotes":""},"_links":{"self":[{"href":"https:\/\/haase.network\/index.php?rest_route=\/wp\/v2\/pages\/145"}],"collection":[{"href":"https:\/\/haase.network\/index.php?rest_route=\/wp\/v2\/pages"}],"about":[{"href":"https:\/\/haase.network\/index.php?rest_route=\/wp\/v2\/types\/page"}],"author":[{"embeddable":true,"href":"https:\/\/haase.network\/index.php?rest_route=\/wp\/v2\/users\/1"}],"replies":[{"embeddable":true,"href":"https:\/\/haase.network\/index.php?rest_route=%2Fwp%2Fv2%2Fcomments&post=145"}],"version-history":[{"count":4,"href":"https:\/\/haase.network\/index.php?rest_route=\/wp\/v2\/pages\/145\/revisions"}],"predecessor-version":[{"id":152,"href":"https:\/\/haase.network\/index.php?rest_route=\/wp\/v2\/pages\/145\/revisions\/152"}],"wp:attachment":[{"href":"https:\/\/haase.network\/index.php?rest_route=%2Fwp%2Fv2%2Fmedia&parent=145"}],"curies":[{"name":"wp","href":"https:\/\/api.w.org\/{rel}","templated":true}]}}